{"id":16,"date":"2020-05-31T04:49:18","date_gmt":"2020-05-31T04:49:18","guid":{"rendered":"http:\/\/www.gloriamercado.com\/?page_id=16"},"modified":"2025-04-02T21:40:28","modified_gmt":"2025-04-02T21:40:28","slug":"inicio","status":"publish","type":"page","link":"https:\/\/www.gloriamercado.com\/","title":{"rendered":"Inicio"},"content":{"rendered":"\t\t<div data-elementor-type=\"wp-page\" data-elementor-id=\"16\" class=\"elementor elementor-16\">\n\t\t\t\t\t\t<section class=\"elementor-section elementor-top-section elementor-element elementor-element-38f96904 elementor-section-content-middle elementor-section-boxed elementor-section-height-default elementor-section-height-default\" data-id=\"38f96904\" data-element_type=\"section\" data-e-type=\"section\" data-settings=\"{&quot;background_background&quot;:&quot;classic&quot;}\">\n\t\t\t\t\t\t<div class=\"elementor-container elementor-column-gap-no\">\n\t\t\t\t\t<div class=\"elementor-column elementor-col-100 elementor-top-column elementor-element elementor-element-224ada85\" data-id=\"224ada85\" data-element_type=\"column\" data-e-type=\"column\">\n\t\t\t<div class=\"elementor-widget-wrap elementor-element-populated\">\n\t\t\t\t\t\t<div class=\"elementor-element elementor-element-339471e1 elementor-widget elementor-widget-heading\" data-id=\"339471e1\" data-element_type=\"widget\" data-e-type=\"widget\" data-widget_type=\"heading.default\">\n\t\t\t\t<div class=\"elementor-widget-container\">\n\t\t\t\t\t<h2 class=\"elementor-heading-title elementor-size-default\">Servicios<\/h2>\t\t\t\t<\/div>\n\t\t\t\t<\/div>\n\t\t\t\t\t<\/div>\n\t\t<\/div>\n\t\t\t\t\t<\/div>\n\t\t<\/section>\n\t\t\t\t<section class=\"elementor-section elementor-top-section elementor-element elementor-element-6dadcd77 elementor-section-content-middle elementor-section-boxed elementor-section-height-default elementor-section-height-default\" data-id=\"6dadcd77\" data-element_type=\"section\" data-e-type=\"section\">\n\t\t\t\t\t\t<div class=\"elementor-container elementor-column-gap-no\">\n\t\t\t\t\t<div class=\"elementor-column elementor-col-100 elementor-top-column elementor-element elementor-element-6dff9160\" data-id=\"6dff9160\" data-element_type=\"column\" data-e-type=\"column\">\n\t\t\t<div class=\"elementor-widget-wrap elementor-element-populated\">\n\t\t\t\t\t\t<section class=\"elementor-section elementor-inner-section elementor-element elementor-element-6d05aca9 elementor-section-boxed elementor-section-height-default elementor-section-height-default\" data-id=\"6d05aca9\" data-element_type=\"section\" data-e-type=\"section\">\n\t\t\t\t\t\t<div class=\"elementor-container elementor-column-gap-wider\">\n\t\t\t\t\t<div class=\"elementor-column elementor-col-33 elementor-inner-column elementor-element elementor-element-3a262b58\" data-id=\"3a262b58\" data-element_type=\"column\" data-e-type=\"column\">\n\t\t\t<div class=\"elementor-widget-wrap elementor-element-populated\">\n\t\t\t\t\t\t<div class=\"elementor-element elementor-element-e3a8cc5 elementor-widget elementor-widget-image\" data-id=\"e3a8cc5\" data-element_type=\"widget\" data-e-type=\"widget\" data-widget_type=\"image.default\">\n\t\t\t\t<div class=\"elementor-widget-container\">\n\t\t\t\t\t\t\t\t\t\t\t\t\t\t\t\t<a href=\"http:\/\/www.gloriamercado.com\/?page_id=32\">\n\t\t\t\t\t\t\t<img fetchpriority=\"high\" fetchpriority=\"high\" decoding=\"async\" width=\"1024\" height=\"768\" src=\"https:\/\/www.gloriamercado.com\/wp-content\/uploads\/2020\/05\/photo-1562577309-4932fdd64cd1-1024x768.jpg\" class=\"attachment-large size-large wp-image-19\" alt=\"\" srcset=\"https:\/\/www.gloriamercado.com\/wp-content\/uploads\/2020\/05\/photo-1562577309-4932fdd64cd1-1024x768.jpg 1024w, https:\/\/www.gloriamercado.com\/wp-content\/uploads\/2020\/05\/photo-1562577309-4932fdd64cd1-scaled-600x450.jpg 600w, https:\/\/www.gloriamercado.com\/wp-content\/uploads\/2020\/05\/photo-1562577309-4932fdd64cd1-300x225.jpg 300w, https:\/\/www.gloriamercado.com\/wp-content\/uploads\/2020\/05\/photo-1562577309-4932fdd64cd1-768x576.jpg 768w, https:\/\/www.gloriamercado.com\/wp-content\/uploads\/2020\/05\/photo-1562577309-4932fdd64cd1-1536x1152.jpg 1536w, https:\/\/www.gloriamercado.com\/wp-content\/uploads\/2020\/05\/photo-1562577309-4932fdd64cd1-2048x1536.jpg 2048w\" sizes=\"(max-width: 1024px) 100vw, 1024px\" \/>\t\t\t\t\t\t\t\t<\/a>\n\t\t\t\t\t\t\t\t\t\t\t\t\t\t\t<\/div>\n\t\t\t\t<\/div>\n\t\t\t\t<div class=\"elementor-element elementor-element-663a67ab elementor-widget elementor-widget-icon-box\" data-id=\"663a67ab\" data-element_type=\"widget\" data-e-type=\"widget\" data-widget_type=\"icon-box.default\">\n\t\t\t\t<div class=\"elementor-widget-container\">\n\t\t\t\t\t\t\t<div class=\"elementor-icon-box-wrapper\">\n\n\t\t\t\n\t\t\t\t\t\t<div class=\"elementor-icon-box-content\">\n\n\t\t\t\t\t\t\t\t\t<h3 class=\"elementor-icon-box-title\">\n\t\t\t\t\t\t<a href=\"http:\/\/www.gloriamercado.com\/?page_id=32\" >\n\t\t\t\t\t\t\tMarketing Digital\t\t\t\t\t\t<\/a>\n\t\t\t\t\t<\/h3>\n\t\t\t\t\n\t\t\t\t\t\t\t\t\t<p class=\"elementor-icon-box-description\">\n\t\t\t\t\t\tManejo de Redes Sociales y Dise\u00f1o de P\u00e1ginas Web\t\t\t\t\t<\/p>\n\t\t\t\t\n\t\t\t<\/div>\n\t\t\t\n\t\t<\/div>\n\t\t\t\t\t\t<\/div>\n\t\t\t\t<\/div>\n\t\t\t\t\t<\/div>\n\t\t<\/div>\n\t\t\t\t<div class=\"elementor-column elementor-col-33 elementor-inner-column elementor-element elementor-element-1550aa53\" data-id=\"1550aa53\" data-element_type=\"column\" data-e-type=\"column\">\n\t\t\t<div class=\"elementor-widget-wrap elementor-element-populated\">\n\t\t\t\t\t\t<div class=\"elementor-element elementor-element-16b1d5a elementor-widget elementor-widget-image\" data-id=\"16b1d5a\" data-element_type=\"widget\" data-e-type=\"widget\" data-widget_type=\"image.default\">\n\t\t\t\t<div class=\"elementor-widget-container\">\n\t\t\t\t\t\t\t\t\t\t\t\t\t\t\t<img decoding=\"async\" width=\"300\" height=\"104\" src=\"https:\/\/www.gloriamercado.com\/wp-content\/uploads\/2020\/05\/Contact-Us-1024x356-1-300x104.jpg\" class=\"attachment-medium size-medium wp-image-27\" alt=\"\" srcset=\"https:\/\/www.gloriamercado.com\/wp-content\/uploads\/2020\/05\/Contact-Us-1024x356-1-300x104.jpg 300w, https:\/\/www.gloriamercado.com\/wp-content\/uploads\/2020\/05\/Contact-Us-1024x356-1-600x209.jpg 600w, https:\/\/www.gloriamercado.com\/wp-content\/uploads\/2020\/05\/Contact-Us-1024x356-1-768x267.jpg 768w, https:\/\/www.gloriamercado.com\/wp-content\/uploads\/2020\/05\/Contact-Us-1024x356-1.jpg 1024w\" sizes=\"(max-width: 300px) 100vw, 300px\" \/>\t\t\t\t\t\t\t\t\t\t\t\t\t\t\t<\/div>\n\t\t\t\t<\/div>\n\t\t\t\t<div class=\"elementor-element elementor-element-6502138 elementor-widget__width-initial elementor-widget elementor-widget-image\" data-id=\"6502138\" data-element_type=\"widget\" data-e-type=\"widget\" data-widget_type=\"image.default\">\n\t\t\t\t<div class=\"elementor-widget-container\">\n\t\t\t\t\t\t\t\t\t\t\t\t\t\t\t\t<a href=\"http:\/\/www.gloriamercado.com\/?post_type=product\">\n\t\t\t\t\t\t\t<img decoding=\"async\" width=\"300\" height=\"300\" src=\"https:\/\/www.gloriamercado.com\/wp-content\/uploads\/2020\/05\/32349627_1903263066384598_3475094701034438656_o-300x300.jpg\" class=\"attachment-medium size-medium wp-image-21\" alt=\"\" srcset=\"https:\/\/www.gloriamercado.com\/wp-content\/uploads\/2020\/05\/32349627_1903263066384598_3475094701034438656_o-300x300.jpg 300w, https:\/\/www.gloriamercado.com\/wp-content\/uploads\/2020\/05\/32349627_1903263066384598_3475094701034438656_o-100x100.jpg 100w, https:\/\/www.gloriamercado.com\/wp-content\/uploads\/2020\/05\/32349627_1903263066384598_3475094701034438656_o-600x600.jpg 600w, https:\/\/www.gloriamercado.com\/wp-content\/uploads\/2020\/05\/32349627_1903263066384598_3475094701034438656_o-1024x1024.jpg 1024w, https:\/\/www.gloriamercado.com\/wp-content\/uploads\/2020\/05\/32349627_1903263066384598_3475094701034438656_o-150x150.jpg 150w, https:\/\/www.gloriamercado.com\/wp-content\/uploads\/2020\/05\/32349627_1903263066384598_3475094701034438656_o-768x768.jpg 768w, https:\/\/www.gloriamercado.com\/wp-content\/uploads\/2020\/05\/32349627_1903263066384598_3475094701034438656_o.jpg 1080w\" sizes=\"(max-width: 300px) 100vw, 300px\" \/>\t\t\t\t\t\t\t\t<\/a>\n\t\t\t\t\t\t\t\t\t\t\t\t\t\t\t<\/div>\n\t\t\t\t<\/div>\n\t\t\t\t<div class=\"elementor-element elementor-element-1590554a elementor-widget elementor-widget-icon-box\" data-id=\"1590554a\" data-element_type=\"widget\" data-e-type=\"widget\" data-widget_type=\"icon-box.default\">\n\t\t\t\t<div class=\"elementor-widget-container\">\n\t\t\t\t\t\t\t<div class=\"elementor-icon-box-wrapper\">\n\n\t\t\t\n\t\t\t\t\t\t<div class=\"elementor-icon-box-content\">\n\n\t\t\t\t\t\t\t\t\t<h3 class=\"elementor-icon-box-title\">\n\t\t\t\t\t\t<a href=\"http:\/\/www.gloriamercado.com\/?post_type=product\" >\n\t\t\t\t\t\t\tTienda en L\u00ednea de Joyer\u00eda\t\t\t\t\t\t<\/a>\n\t\t\t\t\t<\/h3>\n\t\t\t\t\n\t\t\t\t\t\t\t\t\t<p class=\"elementor-icon-box-description\">\n\t\t\t\t\t\tPiezas \u00danicas de Bisuter\u00eda\t\t\t\t\t<\/p>\n\t\t\t\t\n\t\t\t<\/div>\n\t\t\t\n\t\t<\/div>\n\t\t\t\t\t\t<\/div>\n\t\t\t\t<\/div>\n\t\t\t\t\t<\/div>\n\t\t<\/div>\n\t\t\t\t<div class=\"elementor-column elementor-col-33 elementor-inner-column elementor-element elementor-element-79768c02\" data-id=\"79768c02\" data-element_type=\"column\" data-e-type=\"column\">\n\t\t\t<div class=\"elementor-widget-wrap elementor-element-populated\">\n\t\t\t\t\t\t<div class=\"elementor-element elementor-element-e2684b6 elementor-widget elementor-widget-image\" data-id=\"e2684b6\" data-element_type=\"widget\" data-e-type=\"widget\" data-widget_type=\"image.default\">\n\t\t\t\t<div class=\"elementor-widget-container\">\n\t\t\t\t\t\t\t\t\t\t\t\t\t\t\t\t<a href=\"http:\/\/www.gloriamercado.com\/?page_id=37\">\n\t\t\t\t\t\t\t<img loading=\"lazy\" loading=\"lazy\" decoding=\"async\" width=\"1536\" height=\"1024\" src=\"https:\/\/www.gloriamercado.com\/wp-content\/uploads\/2020\/05\/Makingjewelry-GettyImages-164420041-5997b8d46f53ba0011277867-1536x1024.jpg\" class=\"attachment-1536x1536 size-1536x1536 wp-image-22\" alt=\"\" srcset=\"https:\/\/www.gloriamercado.com\/wp-content\/uploads\/2020\/05\/Makingjewelry-GettyImages-164420041-5997b8d46f53ba0011277867-1536x1024.jpg 1536w, https:\/\/www.gloriamercado.com\/wp-content\/uploads\/2020\/05\/Makingjewelry-GettyImages-164420041-5997b8d46f53ba0011277867-600x400.jpg 600w, https:\/\/www.gloriamercado.com\/wp-content\/uploads\/2020\/05\/Makingjewelry-GettyImages-164420041-5997b8d46f53ba0011277867-300x200.jpg 300w, https:\/\/www.gloriamercado.com\/wp-content\/uploads\/2020\/05\/Makingjewelry-GettyImages-164420041-5997b8d46f53ba0011277867-1024x683.jpg 1024w, https:\/\/www.gloriamercado.com\/wp-content\/uploads\/2020\/05\/Makingjewelry-GettyImages-164420041-5997b8d46f53ba0011277867-768x512.jpg 768w, https:\/\/www.gloriamercado.com\/wp-content\/uploads\/2020\/05\/Makingjewelry-GettyImages-164420041-5997b8d46f53ba0011277867-2048x1365.jpg 2048w\" sizes=\"(max-width: 1536px) 100vw, 1536px\" \/>\t\t\t\t\t\t\t\t<\/a>\n\t\t\t\t\t\t\t\t\t\t\t\t\t\t\t<\/div>\n\t\t\t\t<\/div>\n\t\t\t\t<div class=\"elementor-element elementor-element-46de5c45 elementor-widget elementor-widget-icon-box\" data-id=\"46de5c45\" data-element_type=\"widget\" data-e-type=\"widget\" data-widget_type=\"icon-box.default\">\n\t\t\t\t<div class=\"elementor-widget-container\">\n\t\t\t\t\t\t\t<div class=\"elementor-icon-box-wrapper\">\n\n\t\t\t\n\t\t\t\t\t\t<div class=\"elementor-icon-box-content\">\n\n\t\t\t\t\t\t\t\t\t<h3 class=\"elementor-icon-box-title\">\n\t\t\t\t\t\t<a href=\"http:\/\/www.gloriamercado.com\/?page_id=37\" >\n\t\t\t\t\t\t\tCursos\t\t\t\t\t\t<\/a>\n\t\t\t\t\t<\/h3>\n\t\t\t\t\n\t\t\t\t\t\t\t\t\t<p class=\"elementor-icon-box-description\">\n\t\t\t\t\t\tAprende a Armar Joyer\u00eda\t\t\t\t\t<\/p>\n\t\t\t\t\n\t\t\t<\/div>\n\t\t\t\n\t\t<\/div>\n\t\t\t\t\t\t<\/div>\n\t\t\t\t<\/div>\n\t\t\t\t\t<\/div>\n\t\t<\/div>\n\t\t\t\t\t<\/div>\n\t\t<\/section>\n\t\t\t\t<div class=\"elementor-element elementor-element-73f60683 elementor-widget elementor-widget-heading\" data-id=\"73f60683\" data-element_type=\"widget\" data-e-type=\"widget\" data-widget_type=\"heading.default\">\n\t\t\t\t<div class=\"elementor-widget-container\">\n\t\t\t\t\t<h5 class=\"elementor-heading-title elementor-size-default\">Contacto<\/h5>\t\t\t\t<\/div>\n\t\t\t\t<\/div>\n\t\t\t\t<div class=\"elementor-element elementor-element-35918d9f elementor-widget elementor-widget-heading\" data-id=\"35918d9f\" data-element_type=\"widget\" data-e-type=\"widget\" data-widget_type=\"heading.default\">\n\t\t\t\t<div class=\"elementor-widget-container\">\n\t\t\t\t\t<h4 class=\"elementor-heading-title elementor-size-default\">A tus \u00f3rdenes en mi mail y redes sociales<\/h4>\t\t\t\t<\/div>\n\t\t\t\t<\/div>\n\t\t\t\t<div class=\"elementor-element elementor-element-2d53d2fa elementor-widget__width-inherit elementor-widget elementor-widget-heading\" data-id=\"2d53d2fa\" data-element_type=\"widget\" data-e-type=\"widget\" data-widget_type=\"heading.default\">\n\t\t\t\t<div class=\"elementor-widget-container\">\n\t\t\t\t\t<h4 class=\"elementor-heading-title elementor-size-default\">gloria@gloriamercado.com<\/h4>\t\t\t\t<\/div>\n\t\t\t\t<\/div>\n\t\t\t\t<div class=\"elementor-element elementor-element-ea2c552 elementor-shape-rounded elementor-grid-0 e-grid-align-center elementor-widget elementor-widget-social-icons\" data-id=\"ea2c552\" data-element_type=\"widget\" data-e-type=\"widget\" data-widget_type=\"social-icons.default\">\n\t\t\t\t<div class=\"elementor-widget-container\">\n\t\t\t\t\t\t\t<div class=\"elementor-social-icons-wrapper elementor-grid\" role=\"list\">\n\t\t\t\t\t\t\t<span class=\"elementor-grid-item\" role=\"listitem\">\n\t\t\t\t\t<a class=\"elementor-icon elementor-social-icon elementor-social-icon-facebook-f elementor-animation-push elementor-repeater-item-9c86cde\" href=\"https:\/\/www.facebook.com\/gloriamercadodisenadora\/\" target=\"_blank\">\n\t\t\t\t\t\t<span class=\"elementor-screen-only\">Facebook-f<\/span>\n\t\t\t\t\t\t<i aria-hidden=\"true\" class=\"fab fa-facebook-f\"><\/i>\t\t\t\t\t<\/a>\n\t\t\t\t<\/span>\n\t\t\t\t\t\t\t<span class=\"elementor-grid-item\" role=\"listitem\">\n\t\t\t\t\t<a class=\"elementor-icon elementor-social-icon elementor-social-icon-twitter elementor-animation-push elementor-repeater-item-7f0e5c7\" href=\"https:\/\/twitter.com\/gmercado\" target=\"_blank\">\n\t\t\t\t\t\t<span class=\"elementor-screen-only\">Twitter<\/span>\n\t\t\t\t\t\t<i aria-hidden=\"true\" class=\"fab fa-twitter\"><\/i>\t\t\t\t\t<\/a>\n\t\t\t\t<\/span>\n\t\t\t\t\t\t\t<span class=\"elementor-grid-item\" role=\"listitem\">\n\t\t\t\t\t<a class=\"elementor-icon elementor-social-icon elementor-social-icon-instagram elementor-animation-push elementor-repeater-item-7bcbd9e\" href=\"https:\/\/www.instagram.com\/gloriamercado_disenadora\/\" target=\"_blank\">\n\t\t\t\t\t\t<span class=\"elementor-screen-only\">Instagram<\/span>\n\t\t\t\t\t\t<i aria-hidden=\"true\" class=\"fab fa-instagram\"><\/i>\t\t\t\t\t<\/a>\n\t\t\t\t<\/span>\n\t\t\t\t\t\t\t<span class=\"elementor-grid-item\" role=\"listitem\">\n\t\t\t\t\t<a class=\"elementor-icon elementor-social-icon elementor-social-icon-linkedin elementor-animation-push elementor-repeater-item-31673c9\" href=\"https:\/\/www.linkedin.com\/in\/gloria-mercado-28603425\/\" target=\"_blank\">\n\t\t\t\t\t\t<span class=\"elementor-screen-only\">Linkedin<\/span>\n\t\t\t\t\t\t<i aria-hidden=\"true\" class=\"fab fa-linkedin\"><\/i>\t\t\t\t\t<\/a>\n\t\t\t\t<\/span>\n\t\t\t\t\t<\/div>\n\t\t\t\t\t\t<\/div>\n\t\t\t\t<\/div>\n\t\t\t\t\t<\/div>\n\t\t<\/div>\n\t\t\t\t\t<\/div>\n\t\t<\/section>\n\t\t\t\t<\/div>\n\t\t","protected":false},"excerpt":{"rendered":"<p>Servicios Marketing Digital Manejo de Redes Sociales y Dise\u00f1o de P\u00e1ginas Web Tienda en L\u00ednea de Joyer\u00eda Piezas \u00danicas de Bisuter\u00eda Cursos Aprende a Armar Joyer\u00eda Contacto A tus \u00f3rdenes en mi mail y redes sociales gloria@gloriamercado.com Facebook-f Twitter Instagram Linkedin<\/p>\n","protected":false},"author":1,"featured_media":0,"parent":0,"menu_order":0,"comment_status":"closed","ping_status":"closed","template":"","meta":{"_et_pb_use_builder":"on","_et_pb_old_content":"<h2>Servicios<\/h2>\t\t\n\t\t\t\t\t\t\t\t\t\t\t<a href=\"http:\/\/www.gloriamercado.com\/?page_id=32\">\n\t\t\t\t\t\t\t<img width=\"1024\" height=\"768\" src=\"http:\/\/www.gloriamercado.com\/wp-content\/uploads\/2020\/05\/photo-1562577309-4932fdd64cd1-1024x768.jpg\" alt=\"\" srcset=\"http:\/\/www.gloriamercado.com\/wp-content\/uploads\/2020\/05\/photo-1562577309-4932fdd64cd1-1024x768.jpg 1024w, http:\/\/www.gloriamercado.com\/wp-content\/uploads\/2020\/05\/photo-1562577309-4932fdd64cd1-scaled-600x450.jpg 600w, http:\/\/www.gloriamercado.com\/wp-content\/uploads\/2020\/05\/photo-1562577309-4932fdd64cd1-300x225.jpg 300w, http:\/\/www.gloriamercado.com\/wp-content\/uploads\/2020\/05\/photo-1562577309-4932fdd64cd1-768x576.jpg 768w, http:\/\/www.gloriamercado.com\/wp-content\/uploads\/2020\/05\/photo-1562577309-4932fdd64cd1-1536x1152.jpg 1536w, http:\/\/www.gloriamercado.com\/wp-content\/uploads\/2020\/05\/photo-1562577309-4932fdd64cd1-2048x1536.jpg 2048w\" sizes=\"(max-width: 1024px) 100vw, 1024px\" \/>\t\t\t\t\t\t\t\t<\/a>\n\t\t\t\t<h3>\n\t\t\t\t\t<a href=\"http:\/\/www.gloriamercado.com\/?page_id=32\">Marketing Digital<\/a>\n\t\t\t\t<\/h3>\n\t\t\t\t\t\t\t\t<p>Manejo de Redes Sociales y Dise\u00f1o de P\u00e1ginas Web<\/p>\n\t\t\t\t\t\t\t\t\t\t\t<a href=\"http:\/\/www.gloriamercado.com\/?post_type=product\">\n\t\t\t\t\t\t\t<img width=\"300\" height=\"300\" src=\"http:\/\/www.gloriamercado.com\/wp-content\/uploads\/2020\/05\/32349627_1903263066384598_3475094701034438656_o-300x300.jpg\" alt=\"\" srcset=\"http:\/\/www.gloriamercado.com\/wp-content\/uploads\/2020\/05\/32349627_1903263066384598_3475094701034438656_o-300x300.jpg 300w, http:\/\/www.gloriamercado.com\/wp-content\/uploads\/2020\/05\/32349627_1903263066384598_3475094701034438656_o-100x100.jpg 100w, http:\/\/www.gloriamercado.com\/wp-content\/uploads\/2020\/05\/32349627_1903263066384598_3475094701034438656_o-600x600.jpg 600w, http:\/\/www.gloriamercado.com\/wp-content\/uploads\/2020\/05\/32349627_1903263066384598_3475094701034438656_o-1024x1024.jpg 1024w, http:\/\/www.gloriamercado.com\/wp-content\/uploads\/2020\/05\/32349627_1903263066384598_3475094701034438656_o-150x150.jpg 150w, http:\/\/www.gloriamercado.com\/wp-content\/uploads\/2020\/05\/32349627_1903263066384598_3475094701034438656_o-768x768.jpg 768w, http:\/\/www.gloriamercado.com\/wp-content\/uploads\/2020\/05\/32349627_1903263066384598_3475094701034438656_o.jpg 1080w\" sizes=\"(max-width: 300px) 100vw, 300px\" \/>\t\t\t\t\t\t\t\t<\/a>\n\t\t\t\t<h3>\n\t\t\t\t\t<a href=\"http:\/\/www.gloriamercado.com\/?post_type=product\">Tienda en L\u00ednea de Joyer\u00eda<\/a>\n\t\t\t\t<\/h3>\n\t\t\t\t\t\t\t\t<p>Piezas \u00danicas de Bisuter\u00eda<\/p>\n\t\t\t\t\t\t\t\t\t\t\t<a href=\"http:\/\/www.gloriamercado.com\/?page_id=37\">\n\t\t\t\t\t\t\t<img width=\"1536\" height=\"1024\" src=\"http:\/\/www.gloriamercado.com\/wp-content\/uploads\/2020\/05\/Makingjewelry-GettyImages-164420041-5997b8d46f53ba0011277867-1536x1024.jpg\" alt=\"\" srcset=\"http:\/\/www.gloriamercado.com\/wp-content\/uploads\/2020\/05\/Makingjewelry-GettyImages-164420041-5997b8d46f53ba0011277867-1536x1024.jpg 1536w, http:\/\/www.gloriamercado.com\/wp-content\/uploads\/2020\/05\/Makingjewelry-GettyImages-164420041-5997b8d46f53ba0011277867-600x400.jpg 600w, http:\/\/www.gloriamercado.com\/wp-content\/uploads\/2020\/05\/Makingjewelry-GettyImages-164420041-5997b8d46f53ba0011277867-300x200.jpg 300w, http:\/\/www.gloriamercado.com\/wp-content\/uploads\/2020\/05\/Makingjewelry-GettyImages-164420041-5997b8d46f53ba0011277867-1024x683.jpg 1024w, http:\/\/www.gloriamercado.com\/wp-content\/uploads\/2020\/05\/Makingjewelry-GettyImages-164420041-5997b8d46f53ba0011277867-768x512.jpg 768w, http:\/\/www.gloriamercado.com\/wp-content\/uploads\/2020\/05\/Makingjewelry-GettyImages-164420041-5997b8d46f53ba0011277867-2048x1365.jpg 2048w\" sizes=\"(max-width: 1536px) 100vw, 1536px\" \/>\t\t\t\t\t\t\t\t<\/a>\n\t\t\t\t<h3>\n\t\t\t\t\t<a href=\"http:\/\/www.gloriamercado.com\/?page_id=37\">Cursos<\/a>\n\t\t\t\t<\/h3>\n\t\t\t\t\t\t\t\t<p>Aprende a Armar Joyer\u00eda<\/p>\n\t\t\t\t\t\t\t\t\t\t<img width=\"300\" height=\"104\" src=\"http:\/\/www.gloriamercado.com\/wp-content\/uploads\/2020\/05\/Contact-Us-1024x356-1-300x104.jpg\" alt=\"\" srcset=\"http:\/\/www.gloriamercado.com\/wp-content\/uploads\/2020\/05\/Contact-Us-1024x356-1-300x104.jpg 300w, http:\/\/www.gloriamercado.com\/wp-content\/uploads\/2020\/05\/Contact-Us-1024x356-1-600x209.jpg 600w, http:\/\/www.gloriamercado.com\/wp-content\/uploads\/2020\/05\/Contact-Us-1024x356-1-768x267.jpg 768w, http:\/\/www.gloriamercado.com\/wp-content\/uploads\/2020\/05\/Contact-Us-1024x356-1.jpg 1024w\" sizes=\"(max-width: 300px) 100vw, 300px\" \/>\t\t\t\t\t\t\t\t\t\t\t\n\t\t\t<h5>Contacto<\/h5>\t\t\n\t\t\t<h4>A tus \u00f3rdenes en mi mail y redes sociales<\/h4>\t\t\n\t\t\t<h4>gloria@gloriamercado.com<\/h4>\t\t\n\t\t\t\t\t\t\t<a href=\"https:\/\/www.facebook.com\/gloriamercadodisenadora\/\" target=\"_blank\" rel=\"noopener noreferrer\">\n\t\t\t\t\tFacebook-f\n\t\t\t\t\t\t\t\t\t<\/a>\n\t\t\t\t\t\t\t<a href=\"https:\/\/twitter.com\/gmercado\" target=\"_blank\" rel=\"noopener noreferrer\">\n\t\t\t\t\tTwitter\n\t\t\t\t\t\t\t\t\t<\/a>\n\t\t\t\t\t\t\t<a href=\"https:\/\/www.instagram.com\/gloriamercado_disenadora\/\" target=\"_blank\" rel=\"noopener noreferrer\">\n\t\t\t\t\tInstagram\n\t\t\t\t\t\t\t\t\t<\/a>\n\t\t\t\t\t\t\t<a href=\"https:\/\/www.linkedin.com\/in\/gloria-mercado-28603425\/\" target=\"_blank\" rel=\"noopener noreferrer\">\n\t\t\t\t\tLinkedin\n\t\t\t\t\t\t\t\t\t<\/a>","_et_gb_content_width":"","footnotes":""},"class_list":["post-16","page","type-page","status-publish","hentry"],"_links":{"self":[{"href":"https:\/\/www.gloriamercado.com\/index.php?rest_route=\/wp\/v2\/pages\/16","targetHints":{"allow":["GET"]}}],"collection":[{"href":"https:\/\/www.gloriamercado.com\/index.php?rest_route=\/wp\/v2\/pages"}],"about":[{"href":"https:\/\/www.gloriamercado.com\/index.php?rest_route=\/wp\/v2\/types\/page"}],"author":[{"embeddable":true,"href":"https:\/\/www.gloriamercado.com\/index.php?rest_route=\/wp\/v2\/users\/1"}],"replies":[{"embeddable":true,"href":"https:\/\/www.gloriamercado.com\/index.php?rest_route=%2Fwp%2Fv2%2Fcomments&post=16"}],"version-history":[{"count":28,"href":"https:\/\/www.gloriamercado.com\/index.php?rest_route=\/wp\/v2\/pages\/16\/revisions"}],"predecessor-version":[{"id":128,"href":"https:\/\/www.gloriamercado.com\/index.php?rest_route=\/wp\/v2\/pages\/16\/revisions\/128"}],"wp:attachment":[{"href":"https:\/\/www.gloriamercado.com\/index.php?rest_route=%2Fwp%2Fv2%2Fmedia&parent=16"}],"curies":[{"name":"wp","href":"https:\/\/api.w.org\/{rel}","templated":true}]}}